{"id":57,"date":"2024-09-09T23:08:15","date_gmt":"2024-09-09T23:08:15","guid":{"rendered":"http:\/\/anpaveleirodocampo.eu\/?page_id=57"},"modified":"2024-09-09T23:08:15","modified_gmt":"2024-09-09T23:08:15","slug":"asociate","status":"publish","type":"page","link":"https:\/\/anpaveleirodocampo.eu\/index.php\/asociate\/","title":{"rendered":"AS\u00d3CIATE!"},"content":{"rendered":"\n<p class=\"has-text-align-left\">Podes descargar a ficha e envi\u00e1rnola cos datos preenchidos a anpaveleirodocampo@yahoo.es, acompa\u00f1ada do xustificante de pagamento da cota, ou tam\u00e9n a podes deixar no buz\u00f3n da ANPA, no cole.<\/p>\n\n\n\n<div data-wp-interactive=\"core\/file\" class=\"wp-block-file\"><object data-wp-bind--hidden=\"!state.hasPdfPreview\" hidden class=\"wp-block-file__embed\" data=\"https:\/\/anpaveleirodocampo.eu\/wp-content\/uploads\/2024\/09\/ficha-socixs-1.pdf\" type=\"application\/pdf\" style=\"width:100%;height:600px\" aria-label=\"Incrustado de ficha socixs.\"><\/object><a id=\"wp-block-file--media-4229d155-bbbf-4cd7-a311-10dd15fab839\" href=\"https:\/\/anpaveleirodocampo.eu\/wp-content\/uploads\/2024\/09\/ficha-socixs-1.pdf\">ficha socixs<\/a><a href=\"https:\/\/anpaveleirodocampo.eu\/wp-content\/uploads\/2024\/09\/ficha-socixs-1.pdf\" class=\"wp-block-file__button wp-element-button\" download aria-describedby=\"wp-block-file--media-4229d155-bbbf-4cd7-a311-10dd15fab839\">Descarga<\/a><\/div>\n","protected":false},"excerpt":{"rendered":"<p>Podes descargar a ficha e envi\u00e1rnola cos datos preenchidos a anpaveleirodocampo@yahoo.es, acompa\u00f1ada do xustificante de pagamento da cota, ou tam\u00e9n a podes deixar no buz\u00f3n da ANPA, no cole.<\/p>\n","protected":false},"author":1,"featured_media":0,"parent":0,"menu_order":0,"comment_status":"closed","ping_status":"closed","template":"","meta":{"footnotes":""},"class_list":["post-57","page","type-page","status-publish","hentry"],"_links":{"self":[{"href":"https:\/\/anpaveleirodocampo.eu\/index.php\/wp-json\/wp\/v2\/pages\/57","targetHints":{"allow":["GET"]}}],"collection":[{"href":"https:\/\/anpaveleirodocampo.eu\/index.php\/wp-json\/wp\/v2\/pages"}],"about":[{"href":"https:\/\/anpaveleirodocampo.eu\/index.php\/wp-json\/wp\/v2\/types\/page"}],"author":[{"embeddable":true,"href":"https:\/\/anpaveleirodocampo.eu\/index.php\/wp-json\/wp\/v2\/users\/1"}],"replies":[{"embeddable":true,"href":"https:\/\/anpaveleirodocampo.eu\/index.php\/wp-json\/wp\/v2\/comments?post=57"}],"version-history":[{"count":2,"href":"https:\/\/anpaveleirodocampo.eu\/index.php\/wp-json\/wp\/v2\/pages\/57\/revisions"}],"predecessor-version":[{"id":67,"href":"https:\/\/anpaveleirodocampo.eu\/index.php\/wp-json\/wp\/v2\/pages\/57\/revisions\/67"}],"wp:attachment":[{"href":"https:\/\/anpaveleirodocampo.eu\/index.php\/wp-json\/wp\/v2\/media?parent=57"}],"curies":[{"name":"wp","href":"https:\/\/api.w.org\/{rel}","templated":true}]}}